{"id":27,"date":"2024-03-11T12:31:58","date_gmt":"2024-03-11T12:31:58","guid":{"rendered":"https:\/\/laerskool.electricegg.site\/?page_id=27"},"modified":"2024-06-12T12:09:16","modified_gmt":"2024-06-12T12:09:16","slug":"gr-4-7-intermediate-senior-phase","status":"publish","type":"page","link":"https:\/\/laerskoolswartland.co.za\/af\/gr-4-7-intermediate-senior-phase\/","title":{"rendered":"Gr 4 &#8211; 7 (Intermediate\/Senior Phase)"},"content":{"rendered":"<p><div class=\"fusion-fullwidth fullwidth-box fusion-builder-row-1 fusion-flex-container has-pattern-background has-mask-background fusion-parallax-none hundred-percent-fullwidth non-hundred-percent-height-scrolling fusion-no-small-visibility\" style=\"--awb-background-position:center bottom;--awb-border-radius-top-left:0px;--awb-border-radius-top-right:0px;--awb-border-radius-bottom-right:0px;--awb-border-radius-bottom-left:0px;--awb-padding-top:300px;--awb-padding-bottom:330px;--awb-background-image:url(&quot;https:\/\/laerskoolswartland.co.za\/wp-content\/uploads\/2024\/04\/Grade-4-7-Banner-min.png&quot;);--awb-background-size:cover;--awb-flex-wrap:wrap;\" ><div class=\"fusion-builder-row fusion-row fusion-flex-align-items-flex-start fusion-flex-content-wrap\" style=\"width:104% !important;max-width:104% !important;margin-left: calc(-4% \/ 2 );margin-right: calc(-4% \/ 2 );\"><div class=\"fusion-layout-column fusion_builder_column fusion-builder-column-0 fusion_builder_column_1_1 1_1 fusion-flex-column\" style=\"--awb-bg-size:cover;--awb-width-large:100%;--awb-margin-top-large:0px;--awb-spacing-right-large:1.92%;--awb-margin-bottom-large:20px;--awb-spacing-left-large:1.92%;--awb-width-medium:100%;--awb-order-medium:0;--awb-spacing-right-medium:1.92%;--awb-spacing-left-medium:1.92%;--awb-width-small:100%;--awb-order-small:0;--awb-spacing-right-small:1.92%;--awb-spacing-left-small:1.92%;\"><div class=\"fusion-column-wrapper fusion-column-has-shadow fusion-flex-justify-content-flex-start fusion-content-layout-column\"><div class=\"fusion-text fusion-text-1\" style=\"--awb-font-size:70px;--awb-line-height:80px;--awb-text-color:var(--awb-color1);--awb-text-font-family:&quot;Montserrat&quot;;--awb-text-font-style:normal;--awb-text-font-weight:700;\"><p style=\"text-align: center;\">GRAAD 4 \u2013 7<\/p>\n<\/div><\/div><\/div><\/div><\/div><div class=\"fusion-fullwidth fullwidth-box fusion-builder-row-2 fusion-flex-container has-pattern-background has-mask-background fusion-parallax-none hundred-percent-fullwidth non-hundred-percent-height-scrolling fusion-no-medium-visibility fusion-no-large-visibility\" style=\"--awb-background-position:center bottom;--awb-border-radius-top-left:0px;--awb-border-radius-top-right:0px;--awb-border-radius-bottom-right:0px;--awb-border-radius-bottom-left:0px;--awb-padding-top:150px;--awb-padding-bottom:150px;--awb-background-image:url(&quot;https:\/\/laerskoolswartland.co.za\/wp-content\/uploads\/2024\/04\/Grade-4-7-Banner-min.png&quot;);--awb-background-size:cover;--awb-flex-wrap:wrap;\" ><div class=\"fusion-builder-row fusion-row fusion-flex-align-items-flex-start fusion-flex-content-wrap\" style=\"width:104% !important;max-width:104% !important;margin-left: calc(-4% \/ 2 );margin-right: calc(-4% \/ 2 );\"><div class=\"fusion-layout-column fusion_builder_column fusion-builder-column-1 fusion_builder_column_1_1 1_1 fusion-flex-column\" style=\"--awb-bg-size:cover;--awb-width-large:100%;--awb-margin-top-large:0px;--awb-spacing-right-large:1.92%;--awb-margin-bottom-large:20px;--awb-spacing-left-large:1.92%;--awb-width-medium:100%;--awb-order-medium:0;--awb-spacing-right-medium:1.92%;--awb-spacing-left-medium:1.92%;--awb-width-small:100%;--awb-order-small:0;--awb-spacing-right-small:1.92%;--awb-spacing-left-small:1.92%;\"><div class=\"fusion-column-wrapper fusion-column-has-shadow fusion-flex-justify-content-flex-start fusion-content-layout-column\"><div class=\"fusion-text fusion-text-2\" style=\"--awb-font-size:42px;--awb-line-height:60px;--awb-text-color:var(--awb-color1);--awb-text-font-family:&quot;Montserrat&quot;;--awb-text-font-style:normal;--awb-text-font-weight:700;\"><p style=\"text-align: center;\">GRAAD 4 \u2013 7<\/p>\n<\/div><\/div><\/div><\/div><\/div><div class=\"fusion-fullwidth fullwidth-box fusion-builder-row-3 fusion-flex-container has-pattern-background has-mask-background hundred-percent-fullwidth non-hundred-percent-height-scrolling\" style=\"--awb-border-radius-top-left:0px;--awb-border-radius-top-right:0px;--awb-border-radius-bottom-right:0px;--awb-border-radius-bottom-left:0px;--awb-padding-top:60px;--awb-padding-right:10%;--awb-padding-left:10%;--awb-flex-wrap:wrap;\" ><div class=\"fusion-builder-row fusion-row fusion-flex-align-items-flex-start fusion-flex-content-wrap\" style=\"width:104% !important;max-width:104% !important;margin-left: calc(-4% \/ 2 );margin-right: calc(-4% \/ 2 );\"><div class=\"fusion-layout-column fusion_builder_column fusion-builder-column-2 fusion_builder_column_1_1 1_1 fusion-flex-column\" style=\"--awb-bg-size:cover;--awb-width-large:100%;--awb-margin-top-large:0px;--awb-spacing-right-large:1.92%;--awb-margin-bottom-large:20px;--awb-spacing-left-large:1.92%;--awb-width-medium:100%;--awb-order-medium:0;--awb-spacing-right-medium:1.92%;--awb-spacing-left-medium:1.92%;--awb-width-small:100%;--awb-order-small:0;--awb-spacing-right-small:1.92%;--awb-spacing-left-small:1.92%;\"><div class=\"fusion-column-wrapper fusion-column-has-shadow fusion-flex-justify-content-flex-start fusion-content-layout-column\"><div class=\"fusion-text fusion-text-3\"><h1 style=\"text-align: center;\">Ons werk hard, leef netjies en spreek lewe by Laerskool Swartland.<\/h1>\n<\/div><div class=\"fusion-text fusion-text-4\"><p style=\"text-align: center;\">Leerders in die Intermedi\u00eare- &amp; Seniorfase (graad 4 \u2013 7) geniet uitmuntende ondderrig van bekwame vakspesialiste wat vir elke leerder die geleentheid skep om hul akademiese roeping te ontdek en te volg.<\/p>\n<p style=\"text-align: center;\">Die personeel van Laerskool Swartland streef daarna om leerders holisties op te voed.<\/p>\n<\/div><div class=\"fusion-text fusion-text-5\"><h1 style=\"text-align: center;\">Ons Intermedi\u00eare- &amp; Seniorfase leerders streef na hul drome.<\/h1>\n<\/div><div class=\"fusion-text fusion-text-6\"><p style=\"text-align: center;\">Ons leerders deurloop \u2019n voortdurende proses van assessering en presteer uitstekend in sistemiese toetsuitslae wat ver bo WKOD-standaarde uitstaan. Die akademie wat nougeset die KABV-voorskrifte volg, sluit hedendaagse en relevante onderwerpe in wat dit toepaslik en boeiend maak vir ons leerders se daaglikse lewens. Hierdeur word interaksie tussen elke personeellid en leerder bevorder, wat daartoe lei dat kennis en waardes nie net gevestig word nie, maar ook uitgebrei word.<\/p>\n<\/div><\/div><\/div><\/div><\/div><div class=\"fusion-fullwidth fullwidth-box fusion-builder-row-4 fusion-flex-container has-pattern-background has-mask-background hundred-percent-fullwidth non-hundred-percent-height-scrolling\" style=\"--awb-border-radius-top-left:0px;--awb-border-radius-top-right:0px;--awb-border-radius-bottom-right:0px;--awb-border-radius-bottom-left:0px;--awb-padding-top:40px;--awb-padding-right:10%;--awb-padding-left:10%;--awb-padding-top-small:0px;--awb-flex-wrap:wrap;\" ><div class=\"fusion-builder-row fusion-row fusion-flex-align-items-center fusion-flex-content-wrap\" style=\"width:104% !important;max-width:104% !important;margin-left: calc(-4% \/ 2 );margin-right: calc(-4% \/ 2 );\"><div class=\"fusion-layout-column fusion_builder_column fusion-builder-column-3 fusion_builder_column_1_2 1_2 fusion-flex-column fusion-flex-align-self-center\" style=\"--awb-bg-image:url(&#039;https:\/\/laerskoolswartland.co.za\/wp-content\/uploads\/2024\/05\/Gr-4-7-1-min-scaled.jpg&#039;);--awb-bg-position:center center;--awb-bg-size:cover;--awb-width-large:50%;--awb-margin-top-large:0px;--awb-spacing-right-large:3.84%;--awb-margin-bottom-large:20px;--awb-spacing-left-large:3.84%;--awb-width-medium:50%;--awb-order-medium:0;--awb-spacing-right-medium:3.84%;--awb-spacing-left-medium:3.84%;--awb-width-small:100%;--awb-order-small:0;--awb-spacing-right-small:1.92%;--awb-spacing-left-small:1.92%;\" data-scroll-devices=\"small-visibility,medium-visibility,large-visibility\"><div class=\"fusion-column-wrapper fusion-column-has-shadow fusion-flex-justify-content-flex-start fusion-content-layout-column fusion-column-has-bg-image\" data-bg-url=\"https:\/\/laerskoolswartland.co.za\/wp-content\/uploads\/2024\/05\/Gr-4-7-1-min-scaled.jpg\"><div class=\"fusion-separator fusion-no-small-visibility fusion-full-width-sep\" style=\"align-self: center;margin-left: auto;margin-right: auto;margin-top:300px;margin-bottom:300px;width:100%;\"><\/div><div class=\"fusion-separator fusion-no-medium-visibility fusion-no-large-visibility fusion-full-width-sep\" style=\"align-self: center;margin-left: auto;margin-right: auto;margin-top:150px;margin-bottom:150px;width:100%;\"><\/div><\/div><\/div><div class=\"fusion-layout-column fusion_builder_column fusion-builder-column-4 fusion_builder_column_1_2 1_2 fusion-flex-column\" style=\"--awb-bg-size:cover;--awb-width-large:50%;--awb-margin-top-large:0px;--awb-spacing-right-large:3.84%;--awb-margin-bottom-large:20px;--awb-spacing-left-large:3.84%;--awb-width-medium:50%;--awb-order-medium:0;--awb-spacing-right-medium:3.84%;--awb-spacing-left-medium:3.84%;--awb-width-small:100%;--awb-order-small:0;--awb-spacing-right-small:1.92%;--awb-spacing-left-small:1.92%;\"><div class=\"fusion-column-wrapper fusion-column-has-shadow fusion-flex-justify-content-flex-start fusion-content-layout-column\"><div class=\"fusion-text fusion-text-7 sm-text-align-center\"><h1>Laerskool Swarland streef na uitnemendheid, omring deur \u2019n positiewe leeromgewing.<\/h1>\n<\/div><div class=\"fusion-text fusion-text-8 sm-text-align-center\"><p>Vanaf graad 4, kry leerders die geleentheid om hul vaardighede op te skerp en te verryk deur deelname aan <em>AMESA<\/em> en <em>CONQUESTA<\/em> Olimpiades wat jaarliks aangebied word. Hierdie ekstra aktiwiteite versterk ons leerders se begrip van Wiskunde en ander sleutelkonsepte, terwyl hulle ook hul selfvertroue en probleemoplossings-vaardighede ontwikkel. Ons span ons in om \u2019n omgewing te skep waarin leerders kan floreer en hul potensiaal ten volle kan bereik.<\/p>\n<\/div><\/div><\/div><\/div><\/div><div class=\"fusion-fullwidth fullwidth-box fusion-builder-row-5 fusion-flex-container has-pattern-background has-mask-background hundred-percent-fullwidth non-hundred-percent-height-scrolling\" style=\"--awb-border-radius-top-left:0px;--awb-border-radius-top-right:0px;--awb-border-radius-bottom-right:0px;--awb-border-radius-bottom-left:0px;--awb-padding-top:40px;--awb-padding-right:10%;--awb-padding-left:10%;--awb-padding-top-small:0px;--awb-flex-wrap:wrap;\" ><div class=\"fusion-builder-row fusion-row fusion-flex-align-items-center fusion-flex-content-wrap\" style=\"width:104% !important;max-width:104% !important;margin-left: calc(-4% \/ 2 );margin-right: calc(-4% \/ 2 );\"><div class=\"fusion-layout-column fusion_builder_column fusion-builder-column-5 fusion_builder_column_1_2 1_2 fusion-flex-column\" style=\"--awb-bg-size:cover;--awb-width-large:50%;--awb-margin-top-large:0px;--awb-spacing-right-large:3.84%;--awb-margin-bottom-large:20px;--awb-spacing-left-large:3.84%;--awb-width-medium:50%;--awb-order-medium:0;--awb-spacing-right-medium:3.84%;--awb-spacing-left-medium:3.84%;--awb-width-small:100%;--awb-order-small:1;--awb-spacing-right-small:1.92%;--awb-spacing-left-small:1.92%;\" data-scroll-devices=\"small-visibility,medium-visibility,large-visibility\"><div class=\"fusion-column-wrapper fusion-column-has-shadow fusion-flex-justify-content-flex-start fusion-content-layout-column\"><div class=\"fusion-text fusion-text-9 sm-text-align-center\" style=\"--awb-content-alignment:right;\"><h1>Ons is toegewyd om die pad te baan vir ons graad 7-leerders.<\/h1>\n<\/div><div class=\"fusion-text fusion-text-10 sm-text-align-center\" style=\"--awb-content-alignment:right;\"><p>Die fokus op ons graad 7-leerders is gemik daarop om die oorgang vanaf hul laaste jaar op laerskool na hul eerste jaar in die ho\u00ebrskool te vergemaklik. Hierdie oorgangsjaar is van kardinale belang. Dit is die brug na die volgende fase in hul ho\u00ebrskoolloopbaan. Ons strewe daarna om elke leerder toe te rus om met selvertroue en gemak by enige ho\u00ebrskool aan te pas, en om daardie oorgang na die ho\u00ebrskoollewe so vlot as moontlik te maak.<\/p>\n<p>Hierdie strewe na suksesvolle oorgang na die ho\u00ebrskool is gebaseer op ons ideaal om die leerders toe te rus met die nodige kennis, vaardighede en selfvertroue om die ho\u00ebrskoolomgewing te trotseer. Ons glo dat \u2019n soliede basis in die kernvakke, sowel as \u2018n sterk akademiese en sosiale voorbereiding, die sleutel is tot \u2018n suksesvolle oorgang en toekoms vir elke leerder.<\/p>\n<\/div><\/div><\/div><div class=\"fusion-layout-column fusion_builder_column fusion-builder-column-6 fusion_builder_column_1_2 1_2 fusion-flex-column\" style=\"--awb-bg-image:url(&#039;https:\/\/laerskoolswartland.co.za\/wp-content\/uploads\/2024\/06\/Gr-4-7-2-scaled.jpg&#039;);--awb-bg-position:center center;--awb-bg-size:cover;--awb-width-large:50%;--awb-margin-top-large:0px;--awb-spacing-right-large:3.84%;--awb-margin-bottom-large:20px;--awb-spacing-left-large:3.84%;--awb-width-medium:50%;--awb-order-medium:0;--awb-spacing-right-medium:3.84%;--awb-spacing-left-medium:3.84%;--awb-width-small:100%;--awb-order-small:0;--awb-spacing-right-small:1.92%;--awb-spacing-left-small:1.92%;\" data-scroll-devices=\"small-visibility,medium-visibility,large-visibility\"><div class=\"fusion-column-wrapper fusion-column-has-shadow fusion-flex-justify-content-flex-start fusion-content-layout-column fusion-column-has-bg-image\" data-bg-url=\"https:\/\/laerskoolswartland.co.za\/wp-content\/uploads\/2024\/06\/Gr-4-7-2-scaled.jpg\"><div class=\"fusion-separator fusion-no-small-visibility fusion-full-width-sep\" style=\"align-self: center;margin-left: auto;margin-right: auto;margin-top:300px;margin-bottom:300px;width:100%;\"><\/div><div class=\"fusion-separator fusion-no-medium-visibility fusion-no-large-visibility fusion-full-width-sep\" style=\"align-self: center;margin-left: auto;margin-right: auto;margin-top:150px;margin-bottom:150px;width:100%;\"><\/div><\/div><\/div><\/div><\/div><div class=\"fusion-fullwidth fullwidth-box fusion-builder-row-6 fusion-flex-container has-pattern-background has-mask-background nonhundred-percent-fullwidth non-hundred-percent-height-scrolling\" style=\"--awb-border-radius-top-left:0px;--awb-border-radius-top-right:0px;--awb-border-radius-bottom-right:0px;--awb-border-radius-bottom-left:0px;--awb-margin-top:40px;--awb-flex-wrap:wrap;\" ><div class=\"fusion-builder-row fusion-row fusion-flex-align-items-flex-start fusion-flex-content-wrap\" style=\"max-width:1248px;margin-left: calc(-4% \/ 2 );margin-right: calc(-4% \/ 2 );\"><div class=\"fusion-layout-column fusion_builder_column fusion-builder-column-7 fusion_builder_column_1_1 1_1 fusion-flex-column\" style=\"--awb-bg-size:cover;--awb-width-large:100%;--awb-margin-top-large:0px;--awb-spacing-right-large:1.92%;--awb-margin-bottom-large:20px;--awb-spacing-left-large:1.92%;--awb-width-medium:100%;--awb-order-medium:0;--awb-spacing-right-medium:1.92%;--awb-spacing-left-medium:1.92%;--awb-width-small:100%;--awb-order-small:0;--awb-spacing-right-small:1.92%;--awb-spacing-left-small:1.92%;\"><div class=\"fusion-column-wrapper fusion-column-has-shadow fusion-flex-justify-content-flex-start fusion-content-layout-column\"><div class=\"fusion-text fusion-text-11\"><h2 style=\"text-align: center;\">&#8220;I find that the harder I work, the more luck I seem to have.&#8221;<\/h2>\n<p style=\"text-align: center; color: #001866; margin-top: -20px;\">&#8211; THOMAS JEFFERSON<\/p>\n<\/div><\/div><\/div><\/div><\/div><\/p>","protected":false},"excerpt":{"rendered":"","protected":false},"author":1,"featured_media":0,"parent":0,"menu_order":0,"comment_status":"closed","ping_status":"closed","template":"100-width.php","meta":{"footnotes":""},"class_list":["post-27","page","type-page","status-publish","hentry"],"yoast_head":"<!-- This site is optimized with the Yoast SEO plugin v26.7 - https:\/\/yoast.com\/wordpress\/plugins\/seo\/ -->\n<title>Gr 4 - 7 (Intermediate\/Senior Phase) | Laerskool Swartland Primary | Malmesbury<\/title>\n<meta name=\"description\" content=\"Discover the Intermediate and Senior Phase (Grades 4-7) at Laerskool Swartland. Quality education for growing learners.\" \/>\n<meta name=\"robots\" content=\"index, follow, max-snippet:-1, max-image-preview:large, max-video-preview:-1\" \/>\n<link rel=\"canonical\" href=\"https:\/\/laerskoolswartland.co.za\/af\/gr-4-7-intermediate-senior-phase\/\" \/>\n<meta property=\"og:locale\" content=\"en_US\" \/>\n<meta property=\"og:type\" content=\"article\" \/>\n<meta property=\"og:title\" content=\"Gr 4 - 7 (Intermediate\/Senior Phase) | Laerskool Swartland Primary | Malmesbury\" \/>\n<meta property=\"og:description\" content=\"Discover the Intermediate and Senior Phase (Grades 4-7) at Laerskool Swartland. Quality education for growing learners.\" \/>\n<meta property=\"og:url\" content=\"https:\/\/laerskoolswartland.co.za\/af\/gr-4-7-intermediate-senior-phase\/\" \/>\n<meta property=\"og:site_name\" content=\"Laerskool Swartland Primary | Malmesbury\" \/>\n<meta property=\"article:publisher\" content=\"https:\/\/www.facebook.com\/laerskoolswartland\/\" \/>\n<meta property=\"article:modified_time\" content=\"2024-06-12T12:09:16+00:00\" \/>\n<meta property=\"og:image\" content=\"https:\/\/laerskoolswartland.co.za\/wp-content\/uploads\/2024\/03\/Home-Banner1-min-e1712569744839.png\" \/>\n\t<meta property=\"og:image:width\" content=\"4001\" \/>\n\t<meta property=\"og:image:height\" content=\"1758\" \/>\n\t<meta property=\"og:image:type\" content=\"image\/png\" \/>\n<meta name=\"twitter:card\" content=\"summary_large_image\" \/>\n<meta name=\"twitter:label1\" content=\"Est. reading time\" \/>\n\t<meta name=\"twitter:data1\" content=\"2 minute\" \/>\n<script type=\"application\/ld+json\" class=\"yoast-schema-graph\">{\"@context\":\"https:\/\/schema.org\",\"@graph\":[{\"@type\":\"WebPage\",\"@id\":\"https:\/\/laerskoolswartland.co.za\/gr-4-7-intermediate-senior-phase\/\",\"url\":\"https:\/\/laerskoolswartland.co.za\/gr-4-7-intermediate-senior-phase\/\",\"name\":\"Gr 4 - 7 (Intermediate\/Senior Phase) | Laerskool Swartland Primary | Malmesbury\",\"isPartOf\":{\"@id\":\"https:\/\/laerskoolswartland.co.za\/#website\"},\"datePublished\":\"2024-03-11T12:31:58+00:00\",\"dateModified\":\"2024-06-12T12:09:16+00:00\",\"description\":\"Discover the Intermediate and Senior Phase (Grades 4-7) at Laerskool Swartland. Quality education for growing learners.\",\"breadcrumb\":{\"@id\":\"https:\/\/laerskoolswartland.co.za\/gr-4-7-intermediate-senior-phase\/#breadcrumb\"},\"inLanguage\":\"af-ZA\",\"potentialAction\":[{\"@type\":\"ReadAction\",\"target\":[\"https:\/\/laerskoolswartland.co.za\/gr-4-7-intermediate-senior-phase\/\"]}]},{\"@type\":\"BreadcrumbList\",\"@id\":\"https:\/\/laerskoolswartland.co.za\/gr-4-7-intermediate-senior-phase\/#breadcrumb\",\"itemListElement\":[{\"@type\":\"ListItem\",\"position\":1,\"name\":\"Home\",\"item\":\"https:\/\/laerskoolswartland.co.za\/\"},{\"@type\":\"ListItem\",\"position\":2,\"name\":\"Gr 4 &#8211; 7 (Intermediate\/Senior Phase)\"}]},{\"@type\":\"WebSite\",\"@id\":\"https:\/\/laerskoolswartland.co.za\/#website\",\"url\":\"https:\/\/laerskoolswartland.co.za\/\",\"name\":\"Laerskool Swartland Primary | Malmesbury\",\"description\":\"\",\"publisher\":{\"@id\":\"https:\/\/laerskoolswartland.co.za\/#organization\"},\"potentialAction\":[{\"@type\":\"SearchAction\",\"target\":{\"@type\":\"EntryPoint\",\"urlTemplate\":\"https:\/\/laerskoolswartland.co.za\/?s={search_term_string}\"},\"query-input\":{\"@type\":\"PropertyValueSpecification\",\"valueRequired\":true,\"valueName\":\"search_term_string\"}}],\"inLanguage\":\"af-ZA\"},{\"@type\":\"Organization\",\"@id\":\"https:\/\/laerskoolswartland.co.za\/#organization\",\"name\":\"Laerskool Swartland Primary | Malmesbury\",\"url\":\"https:\/\/laerskoolswartland.co.za\/\",\"logo\":{\"@type\":\"ImageObject\",\"inLanguage\":\"af-ZA\",\"@id\":\"https:\/\/laerskoolswartland.co.za\/#\/schema\/logo\/image\/\",\"url\":\"https:\/\/laerskoolswartland.co.za\/wp-content\/uploads\/2024\/03\/LS-Crest-1-e1711109661720.png\",\"contentUrl\":\"https:\/\/laerskoolswartland.co.za\/wp-content\/uploads\/2024\/03\/LS-Crest-1-e1711109661720.png\",\"width\":154,\"height\":200,\"caption\":\"Laerskool Swartland Primary | Malmesbury\"},\"image\":{\"@id\":\"https:\/\/laerskoolswartland.co.za\/#\/schema\/logo\/image\/\"},\"sameAs\":[\"https:\/\/www.facebook.com\/laerskoolswartland\/\",\"https:\/\/d6.co.za\/school-communication-apps\/\"]}]}<\/script>\n<!-- \/ Yoast SEO plugin. -->","yoast_head_json":{"title":"Gr 4 - 7 (Intermediate\/Senior Phase) | Laerskool Swartland Primary | Malmesbury","description":"Discover the Intermediate and Senior Phase (Grades 4-7) at Laerskool Swartland. Quality education for growing learners.","robots":{"index":"index","follow":"follow","max-snippet":"max-snippet:-1","max-image-preview":"max-image-preview:large","max-video-preview":"max-video-preview:-1"},"canonical":"https:\/\/laerskoolswartland.co.za\/af\/gr-4-7-intermediate-senior-phase\/","og_locale":"en_US","og_type":"article","og_title":"Gr 4 - 7 (Intermediate\/Senior Phase) | Laerskool Swartland Primary | Malmesbury","og_description":"Discover the Intermediate and Senior Phase (Grades 4-7) at Laerskool Swartland. Quality education for growing learners.","og_url":"https:\/\/laerskoolswartland.co.za\/af\/gr-4-7-intermediate-senior-phase\/","og_site_name":"Laerskool Swartland Primary | Malmesbury","article_publisher":"https:\/\/www.facebook.com\/laerskoolswartland\/","article_modified_time":"2024-06-12T12:09:16+00:00","og_image":[{"width":4001,"height":1758,"url":"https:\/\/laerskoolswartland.co.za\/wp-content\/uploads\/2024\/03\/Home-Banner1-min-e1712569744839.png","type":"image\/png"}],"twitter_card":"summary_large_image","twitter_misc":{"Est. reading time":"2 minute"},"schema":{"@context":"https:\/\/schema.org","@graph":[{"@type":"WebPage","@id":"https:\/\/laerskoolswartland.co.za\/gr-4-7-intermediate-senior-phase\/","url":"https:\/\/laerskoolswartland.co.za\/gr-4-7-intermediate-senior-phase\/","name":"Gr 4 - 7 (Intermediate\/Senior Phase) | Laerskool Swartland Primary | Malmesbury","isPartOf":{"@id":"https:\/\/laerskoolswartland.co.za\/#website"},"datePublished":"2024-03-11T12:31:58+00:00","dateModified":"2024-06-12T12:09:16+00:00","description":"Discover the Intermediate and Senior Phase (Grades 4-7) at Laerskool Swartland. Quality education for growing learners.","breadcrumb":{"@id":"https:\/\/laerskoolswartland.co.za\/gr-4-7-intermediate-senior-phase\/#breadcrumb"},"inLanguage":"af-ZA","potentialAction":[{"@type":"ReadAction","target":["https:\/\/laerskoolswartland.co.za\/gr-4-7-intermediate-senior-phase\/"]}]},{"@type":"BreadcrumbList","@id":"https:\/\/laerskoolswartland.co.za\/gr-4-7-intermediate-senior-phase\/#breadcrumb","itemListElement":[{"@type":"ListItem","position":1,"name":"Home","item":"https:\/\/laerskoolswartland.co.za\/"},{"@type":"ListItem","position":2,"name":"Gr 4 &#8211; 7 (Intermediate\/Senior Phase)"}]},{"@type":"WebSite","@id":"https:\/\/laerskoolswartland.co.za\/#website","url":"https:\/\/laerskoolswartland.co.za\/","name":"Laerskool Swartland Primary | Malmesbury","description":"","publisher":{"@id":"https:\/\/laerskoolswartland.co.za\/#organization"},"potentialAction":[{"@type":"SearchAction","target":{"@type":"EntryPoint","urlTemplate":"https:\/\/laerskoolswartland.co.za\/?s={search_term_string}"},"query-input":{"@type":"PropertyValueSpecification","valueRequired":true,"valueName":"search_term_string"}}],"inLanguage":"af-ZA"},{"@type":"Organization","@id":"https:\/\/laerskoolswartland.co.za\/#organization","name":"Laerskool Swartland Primary | Malmesbury","url":"https:\/\/laerskoolswartland.co.za\/","logo":{"@type":"ImageObject","inLanguage":"af-ZA","@id":"https:\/\/laerskoolswartland.co.za\/#\/schema\/logo\/image\/","url":"https:\/\/laerskoolswartland.co.za\/wp-content\/uploads\/2024\/03\/LS-Crest-1-e1711109661720.png","contentUrl":"https:\/\/laerskoolswartland.co.za\/wp-content\/uploads\/2024\/03\/LS-Crest-1-e1711109661720.png","width":154,"height":200,"caption":"Laerskool Swartland Primary | Malmesbury"},"image":{"@id":"https:\/\/laerskoolswartland.co.za\/#\/schema\/logo\/image\/"},"sameAs":["https:\/\/www.facebook.com\/laerskoolswartland\/","https:\/\/d6.co.za\/school-communication-apps\/"]}]}},"_links":{"self":[{"href":"https:\/\/laerskoolswartland.co.za\/af\/wp-json\/wp\/v2\/pages\/27","targetHints":{"allow":["GET"]}}],"collection":[{"href":"https:\/\/laerskoolswartland.co.za\/af\/wp-json\/wp\/v2\/pages"}],"about":[{"href":"https:\/\/laerskoolswartland.co.za\/af\/wp-json\/wp\/v2\/types\/page"}],"author":[{"embeddable":true,"href":"https:\/\/laerskoolswartland.co.za\/af\/wp-json\/wp\/v2\/users\/1"}],"replies":[{"embeddable":true,"href":"https:\/\/laerskoolswartland.co.za\/af\/wp-json\/wp\/v2\/comments?post=27"}],"version-history":[{"count":0,"href":"https:\/\/laerskoolswartland.co.za\/af\/wp-json\/wp\/v2\/pages\/27\/revisions"}],"wp:attachment":[{"href":"https:\/\/laerskoolswartland.co.za\/af\/wp-json\/wp\/v2\/media?parent=27"}],"curies":[{"name":"wp","href":"https:\/\/api.w.org\/{rel}","templated":true}]}}